{"id":129,"date":"2020-05-24T01:07:50","date_gmt":"2020-05-23T23:07:50","guid":{"rendered":"http:\/\/mova.noblogs.org\/?page_id=129"},"modified":"2021-03-10T18:58:53","modified_gmt":"2021-03-10T21:58:53","slug":"coletivos","status":"publish","type":"page","link":"https:\/\/mova.noblogs.org\/?page_id=129","title":{"rendered":"Movimentos"},"content":{"rendered":"<p>N\u00f3s acreditamos no fortalecimento de redes e conex\u00f5es com movimentos que possuem certo alinhamento com o nosso horizonte. Aqui voc\u00ea encontra agrupamentos e tend\u00eancias que acompanhamos e enxergamos como muito importantes para essa luta que \u00e9 coletiva.<\/p>\n<hr \/>\n<h1 style=\"text-align: center\"><strong>Outros Movimentos Regionais<br \/>\n<\/strong><\/h1>\n<h2><strong>Antar &#8211; Poder Popular Antiespecista<\/strong><\/h2>\n<ul>\n<li style=\"list-style-type: none\">\n<ul>\n<li>A ANTAR &#8211; Rio Grande do Sul \u00e9 um agrupamento de tend\u00eancia pol\u00edtico-social que media o veganismo popular e o ecossocialismo. Federados \u00e0 Antar &#8211; Poder Popular Antiespecista, trazem o papel de levar uma vis\u00e3o antiespecista e ecossocialista para dentro das organiza\u00e7\u00f5es pol\u00edticas e dos movimentos sociais em que est\u00e3o inseridas, assim como atuar de forma independente no dia a dia.<\/li>\n<\/ul>\n<\/li>\n<\/ul>\n<ul>\n<li style=\"list-style-type: none\">\n<ul>\n<li>Consideram o especismo uma forma de domina\u00e7\u00e3o que, juntamente com outras opress\u00f5es, est\u00e1 atravessada diretamente pelo capitalismo, fazendo com que as lutas por Liberta\u00e7\u00e3o Animal e Ecologia Social sejam essencialmente anticapitalistas.<\/li>\n<\/ul>\n<\/li>\n<\/ul>\n<ul>\n<li><strong>Contatos:<\/strong>\n<ul>\n<li style=\"list-style-type: none\">\n<ul>\n<li><a href=\"https:\/\/www.instagram.com\/antarveganrs\/\" target=\"_blank\" rel=\"noopener noreferrer\">Instagram<\/a><\/li>\n<\/ul>\n<\/li>\n<\/ul>\n<\/li>\n<\/ul>\n<hr \/>\n<h2><strong>Coletivo Ecofeminista Pandora<\/strong><\/h2>\n<div id=\"magicdomid43\" class=\"ace-line\">\n<ul class=\"list-bullet4\">\n<li style=\"list-style-type: none\">\n<ul class=\"list-bullet4\">\n<li>\n<div id=\"magicdomid45\" class=\"ace-line\">\n<ul class=\"list-bullet4\">\n<li><span class=\"\">Antes conhecida como &#8220;Pandora Vegan&#8221;, com foco na culin\u00e1ria vegana em eventos, feiras, entregas <\/span><span class=\"author-a-onmz80zrz69zz80zz65zz74zz83z1tiz67zz66zz90z\">\u00e0<\/span><span class=\"\"> domic<\/span><span class=\"author-a-onmz80zrz69zz80zz65zz74zz83z1tiz67zz66zz90z\">\u00edlio<\/span><span class=\"\">, se transform<\/span><span class=\"author-a-onmz80zrz69zz80zz65zz74zz83z1tiz67zz66zz90z\">ou<\/span><span class=\"\"> n<\/span><span class=\"author-a-onmz80zrz69zz80zz65zz74zz83z1tiz67zz66zz90z\">o<\/span><span class=\"\"> Coletivo Ecofeminista Pandora<\/span><span class=\"author-a-onmz80zrz69zz80zz65zz74zz83z1tiz67zz66zz90z\">,<\/span><span class=\"\"> cujo principal objetivo \u00e9 democratizar a informa\u00e7\u00e3o sobre g\u00eanero e veganismo, e, ainda, lutar pela preserva\u00e7\u00e3o do meio ambiente e contra todas as opress\u00f5es, construindo um veganismo pol<\/span><span class=\"author-a-onmz80zrz69zz80zz65zz74zz83z1tiz67zz66zz90z\">\u00ed<\/span><span class=\"\">tico e popular.<\/span><\/li>\n<\/ul>\n<\/div>\n<\/li>\n<li><span class=\"\">Por meio da produ\u00e7\u00e3o de conte\u00fado p<span class=\"author-a-onmz80zrz69zz80zz65zz74zz83z1tiz67zz66zz90z\">a<\/span>ra redes sociais, de transmiss\u00f5es ao vivo e de textos formativos abordam e discutem tem\u00e1ticas como g\u00eanero, meio ambiente, ra\u00e7a, classe, sexualidades, defici\u00eancia, especismo e veganismo. Tamb\u00e9m organiza<span class=\"author-a-onmz80zrz69zz80zz65zz74zz83z1tiz67zz66zz90z\">ra<\/span>m um Grupo de Estudos Introdut\u00f3rio sobre Ecofeminismos, al\u00e9m de realizar eventos como a Teia Ecofeminista.<\/span><\/li>\n<\/ul>\n<\/li>\n<\/ul>\n<ul class=\"list-bullet4\">\n<li><span class=\"b\"><b>Contatos:<\/b><\/span>\n<ul>\n<li style=\"list-style-type: none\">\n<ul class=\"list-bullet4\">\n<li><a href=\"https:\/\/www.coletivoecofeministapandora.com\/\"><span class=\"\">Site<\/span><\/a><\/li>\n<li><a href=\"https:\/\/medium.com\/coletivo-ecofeminista-pandora\"><span class=\"\">Medium<\/span><\/a><\/li>\n<li><a href=\"https:\/\/www.instagram.com\/pandoraecofeminista\/\"><span class=\"\">Instagram<\/span><\/a><\/li>\n<li><a href=\"https:\/\/www.youtube.com\/channel\/UCUQvSN8LPCMGsTt2m3gwNmw\"><span class=\"\">Youtube<\/span><\/a><\/li>\n<\/ul>\n<\/li>\n<\/ul>\n<\/li>\n<\/ul>\n<\/div>\n<p>&nbsp;<\/p>\n","protected":false},"excerpt":{"rendered":"<p>N\u00f3s acreditamos no fortalecimento de redes e conex\u00f5es com movimentos que possuem certo alinhamento com o nosso horizonte. Aqui voc\u00ea encontra agrupamentos e tend\u00eancias que acompanhamos e enxergamos como muito importantes para essa luta que \u00e9 coletiva. Outros Movimentos Regionais Antar &#8211; Poder Popular Antiespecista A ANTAR &#8211; Rio Grande do Sul \u00e9 um agrupamento &hellip; <\/p>\n<p class=\"link-more\"><a href=\"https:\/\/mova.noblogs.org\/?page_id=129\" class=\"more-link\">Continue reading<span class=\"screen-reader-text\"> &#8220;Movimentos&#8221;<\/span><\/a><\/p>\n","protected":false},"author":15244,"featured_media":0,"parent":0,"menu_order":0,"comment_status":"closed","ping_status":"closed","template":"","meta":{"_locale":"pt_BR","_original_post":"http:\/\/mova.noblogs.org\/?page_id=129","footnotes":""},"class_list":["post-129","page","type-page","status-publish","hentry","pt-BR"],"_links":{"self":[{"href":"https:\/\/mova.noblogs.org\/index.php?rest_route=\/wp\/v2\/pages\/129","targetHints":{"allow":["GET"]}}],"collection":[{"href":"https:\/\/mova.noblogs.org\/index.php?rest_route=\/wp\/v2\/pages"}],"about":[{"href":"https:\/\/mova.noblogs.org\/index.php?rest_route=\/wp\/v2\/types\/page"}],"author":[{"embeddable":true,"href":"https:\/\/mova.noblogs.org\/index.php?rest_route=\/wp\/v2\/users\/15244"}],"replies":[{"embeddable":true,"href":"https:\/\/mova.noblogs.org\/index.php?rest_route=%2Fwp%2Fv2%2Fcomments&post=129"}],"version-history":[{"count":21,"href":"https:\/\/mova.noblogs.org\/index.php?rest_route=\/wp\/v2\/pages\/129\/revisions"}],"predecessor-version":[{"id":499,"href":"https:\/\/mova.noblogs.org\/index.php?rest_route=\/wp\/v2\/pages\/129\/revisions\/499"}],"wp:attachment":[{"href":"https:\/\/mova.noblogs.org\/index.php?rest_route=%2Fwp%2Fv2%2Fmedia&parent=129"}],"curies":[{"name":"wp","href":"https:\/\/api.w.org\/{rel}","templated":true}]}}