{"id":131,"date":"2020-05-24T01:09:20","date_gmt":"2020-05-23T23:09:20","guid":{"rendered":"http:\/\/mova.noblogs.org\/?page_id=131"},"modified":"2021-03-10T20:08:08","modified_gmt":"2021-03-10T23:08:08","slug":"santuarios","status":"publish","type":"page","link":"https:\/\/mova.noblogs.org\/?page_id=131","title":{"rendered":"Santu\u00e1rios"},"content":{"rendered":"<p>Santu\u00e1rios s\u00e3o definidos como territ\u00f3rios <span class=\"\">capazes de dar aos animais toda plenitude de uma exist\u00eancia n\u00e3o explorat\u00f3ria, recebendo prote\u00e7\u00e3o desde o momento em que s\u00e3o resgatados de condi\u00e7\u00f5es de maus-tratos at\u00e9 o final de suas vidas. Por\u00e9m, eles v\u00e3o al\u00e9m disso. Por serem instala\u00e7\u00f5es que n\u00e3o visam o lucro, mas sim a qualidade de vida dos seus residentes (os animais), n\u00f3s os enxergamos tamb\u00e9m como espa\u00e7os solid\u00e1rios de resist\u00eancia ao agroneg\u00f3cio e \u00e0s bases opressoras do capitalismo.<\/span><\/p>\n<hr \/>\n<h1 style=\"text-align: center\"><strong>Santu\u00e1rios Regionais<\/strong><\/h1>\n<h2><a href=\"https:\/\/www.instagram.com\/sant_vozanimal\/\" target=\"_blank\" rel=\"noopener noreferrer\"><strong>Santu\u00e1rio Voz Animal<\/strong><\/a><\/h2>\n<ul>\n<li style=\"list-style-type: none\">\n<ul>\n<li>O Santu\u00e1rio Voz Animal \u00e9 uma institui\u00e7\u00e3o sem fins lucrativos que surgiu pela iniciativa de volunt\u00e1rios. Idealizado pela fundadora Fernanda Ellwanger de Lima, o Santu\u00e1rio est\u00e1 localizado em uma \u00e1rea rural de propriedade privada, no munic\u00edpio de Eldorado do Sul, a 50 km de Porto Alegre.<\/li>\n<\/ul>\n<\/li>\n<\/ul>\n<ul>\n<li style=\"list-style-type: none\">\n<ul>\n<li>Hoje a institui\u00e7\u00e3o abriga <strong>mais de 300 animais<\/strong> entre c\u00e3es, gatos, porcos, vacas, cavalos, jumentos, ovelhas e aves de diferentes esp\u00e9cies, sendo eles v\u00edtimas de abandono, maus tratos e\/ou resgatados da ind\u00fastria pecu\u00e1ria. Para isso, conta com uma infraestrutura e m\u00e3o de obra que busca oferecer aos animais qualidade de vida dentro daquilo que seria o mais pr\u00f3ximo de sua natureza. (<a href=\"https:\/\/www.santuariovozanimal.com.br\/quem-somos\/\" target=\"_blank\" rel=\"noopener noreferrer\">saiba mais<\/a>)<\/li>\n<\/ul>\n<\/li>\n<\/ul>\n<ul>\n<li><strong>Como ajudar?<\/strong>\n<ul>\n<li><a href=\"https:\/\/www.santuariovozanimal.com.br\/apadrinhe\/\" target=\"_blank\" rel=\"noopener noreferrer\">Apadrinhamento<\/a><\/li>\n<li><a href=\"https:\/\/www.santuariovozanimal.com.br\/adote\/\" target=\"_blank\" rel=\"noopener noreferrer\">Ado\u00e7\u00e3o Respons\u00e1vel<\/a><\/li>\n<li><a href=\"https:\/\/www.santuariovozanimal.com.br\/outras-formas-de-ajudar\/doacoes\/\" target=\"_blank\" rel=\"noopener noreferrer\">Doa\u00e7\u00f5es<\/a><\/li>\n<li><a href=\"https:\/\/www.santuariovozanimal.com.br\/outras-formas-de-ajudar\/apoiador-oficial\/\" target=\"_blank\" rel=\"noopener noreferrer\">Apoio Oficial<\/a><\/li>\n<\/ul>\n<\/li>\n<li><strong>Contato:<\/strong> Entre em contato <a href=\"https:\/\/www.santuariovozanimal.com.br\/contato\/\" target=\"_blank\" rel=\"noopener noreferrer\">aqui<\/a>.<\/li>\n<\/ul>\n<hr \/>\n<h2><a href=\"https:\/\/www.instagram.com\/santuariofilhosdaluz\/\" target=\"_blank\" rel=\"noopener noreferrer\"><strong>Santu\u00e1rio Filhos da Luz<\/strong><\/a><\/h2>\n<ul>\n<li style=\"list-style-type: none\">\n<ul>\n<li>O Santu\u00e1rio Filhos da Luz se localiza em Tramanda\u00ed &#8211; RS. Tudo come\u00e7ou com o resgate de algumas aves que iriam ser direcionadas ao abate, quando perceberam que eram um trabalho de santu\u00e1rio j\u00e1 estavam com 100 resgatados. Na coordena\u00e7\u00e3o s\u00e3o apenas Andressa, seu esposo Anderson, sua beb\u00ea Maya e os animais.<\/li>\n<\/ul>\n<\/li>\n<\/ul>\n<ul>\n<li style=\"list-style-type: none\">\n<ul>\n<li>Hoje s\u00e3o mais de 200 resgatados e acolhidos. A maioria resgatados das ruas, ind\u00fastrias, abatedouros clandestinos e animais que seriam direcionados a sacrif\u00edcio religioso. Resgatam, tratam, acolhem e cuidam de todos para o resto da vida, como filhos. Todos tem nome e respondem por eles. S\u00e3o mais de 16 esp\u00e9cies diferentes.<\/li>\n<\/ul>\n<\/li>\n<\/ul>\n<ul>\n<li><strong>Como ajudar?<\/strong>\n<ul>\n<li><a href=\"https:\/\/mova.noblogs.org\/?page_id=131\">Transfer\u00eancias<\/a>\n<ul>\n<li><strong>PIX<\/strong>: Caixa &#8211; CPF: 84971053034<\/li>\n<li><strong>Picpay:<\/strong> <a class=\"notranslate\" href=\"https:\/\/www.instagram.com\/santuariofilhosdaluz\/\">@santuariofilhosdaluz<\/a><\/li>\n<\/ul>\n<\/li>\n<li><a href=\"https:\/\/www.vakinha.com.br\/vaquinha\/ajudem-os-160-animais-do-santuario-filhos-da-luz\">Financiamento coletivo &#8211; Vakinha.<\/a><\/li>\n<\/ul>\n<\/li>\n<li><strong>Contato<\/strong>: Entre em contato pelo <a href=\"https:\/\/www.instagram.com\/santuariofilhosdaluz\/\">Instagram<\/a>.<\/li>\n<\/ul>\n<hr \/>\n<h2><a href=\"https:\/\/www.instagram.com\/santuarioamorquesalva\/\"><strong>Santu\u00e1rio Amor Que Salva<\/strong><\/a><\/h2>\n<div class=\"iXTil QSWpz\">\n<div class=\" CMoMH _8_yLp \">\n<div class=\"ZyFrc\" role=\"button\">\n<div class=\" Igw0E IwRSH YBx95 _4EzTm XfCBB g6RW6 \">\n<ul>\n<li style=\"list-style-type: none\">\n<ul>\n<li class=\"_7UhW9 xLCgt MMzan KV-D4 p1tLr hjZTB\">O Santu\u00e1rio iniciou em mar\u00e7o de 2020 quando resgataram quatro porcos v\u00edtimas de maus-tratos e que logo seriam abatidos. H\u00e1 muitos anos seus idealizadores resgatavam c\u00e3es e gatos, por\u00e9m moravam em uma casa em uma \u00e1rea urbana, sem espa\u00e7o e permiss\u00e3o legal para abrigar outras esp\u00e9cies.<\/li>\n<\/ul>\n<\/li>\n<\/ul>\n<ul>\n<li style=\"list-style-type: none\">\n<ul>\n<li class=\"_7UhW9 xLCgt MMzan KV-D4 p1tLr hjZTB\">Para a fam\u00edlia, a transi\u00e7\u00e3o para o veganismo foi uma decis\u00e3o un\u00e2nime e ocorreu em 2017. Mesmo totalmente inexperientes a respeito de como lidar com os animais, a cada ano que passava sentiam mais a necessidade ter contato e poder dar uma vida a esses seres v\u00edtimas de explora\u00e7\u00e3o da ind\u00fastria da carne, leite e ovos.<\/li>\n<\/ul>\n<\/li>\n<\/ul>\n<ul>\n<li style=\"list-style-type: none\">\n<ul>\n<li class=\"_7UhW9 xLCgt MMzan KV-D4 p1tLr hjZTB\">O nome do santu\u00e1rio \u201cAmor que Salva\u201d est\u00e1 interligado com a transi\u00e7\u00e3o dos idealizadores ao veganismo. Quando est\u00e3o com os animais, conseguem acreditar em sentimentos puros e verdadeiros. Atrav\u00e9s deles descobriram a forma mais simples de ser feliz, que \u00e9 dar e receber amor de forma incondicional.<\/li>\n<\/ul>\n<\/li>\n<\/ul>\n<ul>\n<li style=\"list-style-type: none\">\n<ul>\n<li class=\"_7UhW9 xLCgt MMzan KV-D4 p1tLr hjZTB\">Cuidar e conviver com os animais tornou-se um prop\u00f3sito de vida. Est\u00e3o localizados em Cruzeiro do Sul\/RS, hoje o santu\u00e1rio \u00e9 respons\u00e1vel por 58 animais, incluindo c\u00e3es, gatos, porcos, bois, aves, coelhos, cavalo e ovelha.<\/li>\n<\/ul>\n<\/li>\n<\/ul>\n<\/div>\n<\/div>\n<div class=\"ZyFrc\" role=\"button\">\n<div>\n<div class=\"iXTil QSWpz\">\n<div class=\" CMoMH _8_yLp \">\n<div class=\"ZyFrc\" role=\"button\">\n<div class=\" Igw0E IwRSH YBx95 _4EzTm XfCBB g6RW6 \">\n<ul>\n<li><a href=\"https:\/\/santuarioamorquesalva.org\/formas-de-ajudar\/\"><strong>Como ajudar?<\/strong><\/a>\n<ul>\n<li><a href=\"https:\/\/mova.noblogs.org\/?page_id=131\">Transfer\u00eancias<\/a>\n<ul>\n<li><strong>PayPal<\/strong>: santuarioamorquesalva@gmail.com<\/li>\n<li><strong>PIX<\/strong>: 026.262.220-38<\/li>\n<li><strong>Transfer\u00eancia<\/strong>: BB 001 &#8211; Ag\u00eancia: 0139-2 &#8211; CC: 54316-0 &#8211; Luiza Willers<\/li>\n<\/ul>\n<\/li>\n<li><a href=\"https:\/\/santuarioamorquesalva.org\/apadrinhe\/\">Apadrinhamento<\/a><\/li>\n<li><a href=\"https:\/\/apoia.se\/santuarioamorquesalva\">Financiamento coletivo &#8211; doa\u00e7\u00f5es mensais<\/a><\/li>\n<li><a href=\"https:\/\/santuarioamorquesalva.org\/formas-de-ajudar\/#elementor-action%3Aaction%3Dpopup%3Aopen%26settings%3DeyJpZCI6IjI4OSIsInRvZ2dsZSI6ZmFsc2V9\">Voluntariado<\/a><\/li>\n<\/ul>\n<\/li>\n<li><strong>Contato<\/strong>: entre em contato por <a href=\"https:\/\/santuarioamorquesalva.org\/contato\/\">aqui<\/a>.<\/li>\n<\/ul>\n<\/div>\n<\/div>\n<\/div>\n<\/div>\n<\/div>\n<div class=\" Igw0E IwRSH YBx95 _4EzTm XfCBB g6RW6 \">\n<div><\/div>\n<\/div>\n<\/div>\n<\/div>\n<\/div>\n","protected":false},"excerpt":{"rendered":"<p>Santu\u00e1rios s\u00e3o definidos como territ\u00f3rios capazes de dar aos animais toda plenitude de uma exist\u00eancia n\u00e3o explorat\u00f3ria, recebendo prote\u00e7\u00e3o desde o momento em que s\u00e3o resgatados de condi\u00e7\u00f5es de maus-tratos at\u00e9 o final de suas vidas. Por\u00e9m, eles v\u00e3o al\u00e9m disso. Por serem instala\u00e7\u00f5es que n\u00e3o visam o lucro, mas sim a qualidade de vida &hellip; <\/p>\n<p class=\"link-more\"><a href=\"https:\/\/mova.noblogs.org\/?page_id=131\" class=\"more-link\">Continue reading<span class=\"screen-reader-text\"> &#8220;Santu\u00e1rios&#8221;<\/span><\/a><\/p>\n","protected":false},"author":15244,"featured_media":0,"parent":0,"menu_order":0,"comment_status":"closed","ping_status":"closed","template":"","meta":{"_locale":"pt_BR","_original_post":"http:\/\/mova.noblogs.org\/?page_id=131","footnotes":""},"class_list":["post-131","page","type-page","status-publish","hentry","pt-BR"],"_links":{"self":[{"href":"https:\/\/mova.noblogs.org\/index.php?rest_route=\/wp\/v2\/pages\/131","targetHints":{"allow":["GET"]}}],"collection":[{"href":"https:\/\/mova.noblogs.org\/index.php?rest_route=\/wp\/v2\/pages"}],"about":[{"href":"https:\/\/mova.noblogs.org\/index.php?rest_route=\/wp\/v2\/types\/page"}],"author":[{"embeddable":true,"href":"https:\/\/mova.noblogs.org\/index.php?rest_route=\/wp\/v2\/users\/15244"}],"replies":[{"embeddable":true,"href":"https:\/\/mova.noblogs.org\/index.php?rest_route=%2Fwp%2Fv2%2Fcomments&post=131"}],"version-history":[{"count":18,"href":"https:\/\/mova.noblogs.org\/index.php?rest_route=\/wp\/v2\/pages\/131\/revisions"}],"predecessor-version":[{"id":487,"href":"https:\/\/mova.noblogs.org\/index.php?rest_route=\/wp\/v2\/pages\/131\/revisions\/487"}],"wp:attachment":[{"href":"https:\/\/mova.noblogs.org\/index.php?rest_route=%2Fwp%2Fv2%2Fmedia&parent=131"}],"curies":[{"name":"wp","href":"https:\/\/api.w.org\/{rel}","templated":true}]}}