{"id":340,"date":"2021-02-26T20:06:09","date_gmt":"2021-02-26T23:06:09","guid":{"rendered":"http:\/\/mova.noblogs.org\/?page_id=340"},"modified":"2021-04-18T12:27:58","modified_gmt":"2021-04-18T15:27:58","slug":"materiais","status":"publish","type":"page","link":"https:\/\/mova.noblogs.org\/?page_id=340","title":{"rendered":"Materiais"},"content":{"rendered":"\r\n<p>P\u00e1gina dedicada ao compartilhamento de materiais importantes referentes ao veganismo. Aceitamos sugest\u00f5es, basta entrar em contato com a gente!<\/p>\r\n\r\n\r\n<hr \/>\r\n<h1 class=\"wp-block-heading\" style=\"text-align: center\"><strong>Materiais<\/strong><\/h1>\r\n<h2><strong>Idealizados pelo MOVA<br \/><\/strong><\/h2>\r\n<ul>\r\n<li><a href=\"https:\/\/mova.noblogs.org\/files\/2021\/04\/Ativismo-e-Burnout-v3.pdf\">Ativismo Sustent\u00e1vel &#8211; Prevenindo o esgotamento;\u00a0 <\/a>&#8211; eBook sobre <em>burnout<\/em> (esgotamento), suas causas dentro da cultura ativista e como preveni-lo. O material se encaixa na categoria de <strong>Cultura do Cuidado<\/strong>.\r\n<p><em>eBook idealizado, adaptado e revisado pelo MOVA. Tradu\u00e7\u00e3o feita por Bert Brew a partir do material <a href=\"https:\/\/mutualaiddisasterreliefsite.files.wordpress.com\/2017\/04\/sustainable-activism-and-avoiding-burnout.pdf\">&#8220;Sustainable Activism &amp; Avoidig Burnout&#8221;<\/a>, do<a href=\"https:\/\/www.activist-trauma.net\/\"> Activist Trauma<\/a>. Diagrama\u00e7\u00e3o feita pela Bianca (oneub@protonmail.com).<\/em><\/p>\r\n<\/li>\r\n<\/ul>\r\n<hr \/>\r\n<h2><strong>Alimenta\u00e7\u00e3o Vegetariana Estrita<\/strong><\/h2>\r\n\r\n\r\n\r\n<p>Os seguintes materiais sobre alimenta\u00e7\u00e3o vegetariana estrita foram divulgados pela <a href=\"https:\/\/uniaovegana.org\/\">Uni\u00e3o Vegana de Ativismo<\/a> em seu perfil no <a href=\"https:\/\/www.instagram.com\/uniaoveganadeativismo\/\">Instagram<\/a>:<\/p>\r\n<ul>\r\n<li><a href=\"https:\/\/drive.google.com\/file\/d\/1h9UOBgys9jo7Wr0XphY8-dNH0YPcK6WU\/view?usp=sharing\">Comida de Verdade Vegana<\/a> &#8211; material com receitas, elaborado pelas irm\u00e3s Bruna e Renata Lazarini.<\/li>\r\n<li><a href=\"https:\/\/drive.google.com\/file\/d\/13P8Gjq_phZu63-WJej94x0QwkX7rh5mv\/view?usp=sharing\">Como Montar um Prato Vegano Equilibrado<\/a> &#8211; material de apoio elaborado e disponibilizado pela nutricionista Giovana Cezar.<\/li>\r\n<li><a href=\"https:\/\/drive.google.com\/file\/d\/189NUmhCZW-LovKQUS_bjoWKoKSvwIohE\/view?usp=sharing\">Como Planejar Lanches Veganos Saud\u00e1veis<\/a> &#8211; material de apoio elaborado e disponibilizado pela nutricionista Giovana Cezar.<\/li>\r\n<li><a href=\"https:\/\/nataliautikava.us14.list-manage.com\/subscribe?u=8d1c23841cca1ecb53ba8f262&amp;id=cc81201b02\">Montagem do Prato 100% Vegetariano<\/a>\u00a0 &#8211; material elaborado pela nutricionista Nat\u00e1lia Utikava.\r\n<ul>\r\n<li>Para ter acesso a esse material \u00e9 necess\u00e1rio realizar inscri\u00e7\u00e3o com o seu e-mail.<\/li>\r\n<\/ul>\r\n<\/li>\r\n<\/ul>\r\n<hr \/>\r\n<h2><strong>Forma\u00e7\u00e3o Pol\u00edtica<\/strong><\/h2>\r\n\r\n\r\n\r\n\r\n\r\n<p>Os seguintes materiais foram utilizados em grupos de estudo e\/ou debates do MOVA:<\/p>\r\n<ul>\r\n<li><a href=\"https:\/\/drive.google.com\/file\/d\/1VpAa-DM4hoMjBD40a3TaWUBToutXCm0a\/view?usp=sharing\">XVIII Teses sobre Marxismo e Liberta\u00e7\u00e3o Animal<\/a> &#8211; artigo da Alian\u00e7a pelo Marxismo e a Liberta\u00e7\u00e3o Animal publicado na Revista Latinoamericana de Estudios Criticos Animales.<\/li>\r\n<li><a href=\"https:\/\/drive.google.com\/file\/d\/1jSnKCZhlexuUWNgH9BxN3haXgovVsy_x\/view?usp=sharing\">Bestas de Carga &#8211; Panfleto Vegano Socialista<\/a> &#8211; produ\u00e7\u00e3o de autoria aut\u00f4noma, traduzida e editada por Vict\u00f3ria Monteiro e Vinicius Siqueira, membres da revista eletr\u00f4nica Colunas Tortas.<\/li>\r\n<li><a href=\"https:\/\/drive.google.com\/file\/d\/1XkXUGoAdAmM9hOwUE1CUYTYRdvjuMa4c\/view?usp=sharing\">Veganarquismo &#8211; Liberta\u00e7\u00e3o Animal e Revolu\u00e7\u00e3o Social<\/a> &#8211; zine produzido por Brian A. Dominick sobre uma perspectiva vegana do anarquismo ou uma perspectiva anarquista do veganismo.<\/li>\r\n<\/ul>\r\n<h2>\u00a0<\/h2>\r\n<hr \/>\r\n<h2><strong>Cultura de Cuidado<\/strong><\/h2>\r\n<p>Os materiais abaixo s\u00e3o focados no desenvolvimento de uma cultura de cuidado, envolvendo quest\u00f5es como formas de comunica\u00e7\u00e3o, seguran\u00e7a digital, f\u00edsica, individual e coletiva:<\/p>\r\n<ul>\r\n<li><a href=\"https:\/\/drive.google.com\/file\/d\/1s3Cb2YaKwCPbIZWaC6JA0EMBc5yoNorm\/view?usp=sharing\">Cultura de Seguran\u00e7a na Era Digital<\/a> &#8211; Livreto da Fac\u00e7\u00e3o Fict\u00edcia que funciona como um material introdut\u00f3rio sobre cultura de seguran\u00e7a, em especial a seguran\u00e7a digital.<\/li>\r\n<li><a href=\"https:\/\/drive.google.com\/file\/d\/17pPq-TXUXw1tWmhiLYQ1J2NnNAJk1097\/view?usp=sharing\">Seguran\u00e7a Hol\u00edstica &#8211; Um manual de estrat\u00e9gias para defensores de Direitos Humanos<\/a> &#8211; material produzido pela Tatical Tech, traduzido pelo Coletivo Mar1sc0tron, que funciona como uma forma\u00e7\u00e3o extensiva no que \u00e9 chamado de Seguran\u00e7a Hol\u00edstica.<\/li>\r\n<li><a href=\"https:\/\/drive.google.com\/file\/d\/1g-7QJ95INNs7m7qcnMqamUOYjA6MVrVR\/view?usp=sharing\">Trabalhando com Conflitos em Nossos Grupos &#8211; Um manual para ativistas e grupos radicais<\/a> &#8211; zine da Cultive Resist\u00eancia, cuja proposta \u00e9 o desenvolvimento de rela\u00e7\u00f5es saud\u00e1veis entre as pessoas, com foco em grupos radicais e de ativismo.<\/li>\r\n<\/ul>\r\n","protected":false},"excerpt":{"rendered":"<p>P\u00e1gina dedicada ao compartilhamento de materiais importantes referentes ao veganismo. Aceitamos sugest\u00f5es, basta entrar em contato com a gente! Materiais Idealizados pelo MOVA Ativismo Sustent\u00e1vel &#8211; Prevenindo o esgotamento;\u00a0 &#8211; eBook sobre burnout (esgotamento), suas causas dentro da cultura ativista e como preveni-lo. O material se encaixa na categoria de Cultura do Cuidado. eBook idealizado, &hellip; <\/p>\n<p class=\"link-more\"><a href=\"https:\/\/mova.noblogs.org\/?page_id=340\" class=\"more-link\">Continue reading<span class=\"screen-reader-text\"> &#8220;Materiais&#8221;<\/span><\/a><\/p>\n","protected":false},"author":15244,"featured_media":0,"parent":0,"menu_order":0,"comment_status":"closed","ping_status":"closed","template":"","meta":{"_locale":"pt_BR","_original_post":"http:\/\/mova.noblogs.org\/?page_id=340","footnotes":""},"class_list":["post-340","page","type-page","status-publish","hentry","pt-BR"],"_links":{"self":[{"href":"https:\/\/mova.noblogs.org\/index.php?rest_route=\/wp\/v2\/pages\/340","targetHints":{"allow":["GET"]}}],"collection":[{"href":"https:\/\/mova.noblogs.org\/index.php?rest_route=\/wp\/v2\/pages"}],"about":[{"href":"https:\/\/mova.noblogs.org\/index.php?rest_route=\/wp\/v2\/types\/page"}],"author":[{"embeddable":true,"href":"https:\/\/mova.noblogs.org\/index.php?rest_route=\/wp\/v2\/users\/15244"}],"replies":[{"embeddable":true,"href":"https:\/\/mova.noblogs.org\/index.php?rest_route=%2Fwp%2Fv2%2Fcomments&post=340"}],"version-history":[{"count":11,"href":"https:\/\/mova.noblogs.org\/index.php?rest_route=\/wp\/v2\/pages\/340\/revisions"}],"predecessor-version":[{"id":511,"href":"https:\/\/mova.noblogs.org\/index.php?rest_route=\/wp\/v2\/pages\/340\/revisions\/511"}],"wp:attachment":[{"href":"https:\/\/mova.noblogs.org\/index.php?rest_route=%2Fwp%2Fv2%2Fmedia&parent=340"}],"curies":[{"name":"wp","href":"https:\/\/api.w.org\/{rel}","templated":true}]}}