{"id":73,"date":"2020-05-18T23:23:49","date_gmt":"2020-05-18T21:23:49","guid":{"rendered":"http:\/\/mova.noblogs.org\/?page_id=73"},"modified":"2021-03-10T17:07:57","modified_gmt":"2021-03-10T20:07:57","slug":"sobre","status":"publish","type":"page","link":"https:\/\/mova.noblogs.org\/?page_id=73","title":{"rendered":"Sobre"},"content":{"rendered":"<h1 style=\"text-align: center\"><strong>Nossas origens<\/strong><\/h1>\n<p>Entre os dias 4 e 6 de julho de 2019, em Recife\/PE, ocorreu o primeiro encontro da <strong>Uni\u00e3o Vegana de Ativismo<\/strong>, o ENUVA (saiba mais <a href=\"https:\/\/enuva.com.br\/2019\/\" target=\"_blank\" rel=\"noopener noreferrer\">aqui<\/a>), um encontro nascido a partir do entendimento de que n\u00e3o h\u00e1 emancipa\u00e7\u00e3o animal sem o fim desse sistema econ\u00f4mico. Assim, apoiando a cria\u00e7\u00e3o de um movimento anti-especista que pauta conex\u00f5es e solidariedade pol\u00edtica entre causas, luta contra as estruturas de opress\u00e3o e contra a explora\u00e7\u00e3o capitalista.<\/p>\n<p>Al\u00e9m de vivenciar encontros, debates e constru\u00e7\u00f5es incr\u00edveis, as pessoas que participaram do <strong>ENUVA<\/strong> se comprometeram com a tarefa\/miss\u00e3o de articular a forma\u00e7\u00e3o de coletivos locais para impulsionar o enraizamento desse veganismo capaz de transformar as condi\u00e7\u00f5es materiais para constru\u00e7\u00e3o da Liberta\u00e7\u00e3o Animal!<\/p>\n<p>Sendo assim, foi trazida para <strong>Porto Alegre<\/strong> essa possibilidade de formarmos um coletivo baseado no Princ\u00edpios da UVA e na Carta de Recife. Ap\u00f3s muitas reuni\u00f5es, discuss\u00f5es, debates e envolvimento (al\u00e9m de trocas de nomes), o <strong>Movimento Vegano Anticapitalista &#8211; MOVA<\/strong> teve seu in\u00edcio. A consolida\u00e7\u00e3o disso se deu em outubro de 2019, quando realizamos nosso Encontro Oficial P\u00f3s-ENUVA (saiba mais <a href=\"https:\/\/www.instagram.com\/p\/B4NcYtHlf5f\/?hl=pt-br\" target=\"_blank\" rel=\"noopener noreferrer\">aqui<\/a>)!<\/p>\n<ul>\n<li>\n<h2><strong>Quem \u00e9 o MOVA?<\/strong><\/h2>\n<\/li>\n<\/ul>\n<p>O <strong>Movimento Vegano Anticapitalista &#8211; MOVA<\/strong> \u00e9 esse coletivo nascido do I ENUVA, que re\u00fane militantes e ativistas pela <strong>Liberta\u00e7\u00e3o Animal<\/strong>, construindo coletivamente um <strong>Veganismo Popular<\/strong> e buscando fortalecer e somar nas lutas por justi\u00e7a social contra o sistema especista, que esmaga tanto animais n\u00e3o humanos como humanos.<\/p>\n<p>Como signat\u00e1rios da <strong>Carta de Recife<\/strong>, o Movimento entende que superar o capitalismo \u00e9 condi\u00e7\u00e3o necess\u00e1ria para a liberta\u00e7\u00e3o animal, humana e n\u00e3o humana, assim como tamb\u00e9m \u00e9 imprescind\u00edvel buscar outras formas de rela\u00e7\u00f5es n\u00e3o-predat\u00f3rias com a natureza.<\/p>\n<p>O MOVA \u00e9 contra a crescente despolitiza\u00e7\u00e3o do movimento vegano e se posiciona ainda de forma contr\u00e1ria a todo tipo de explora\u00e7\u00e3o e opress\u00e3o, afirmando-se como um <strong>movimento pol\u00edtico, radical e revolucion\u00e1rio<\/strong>. Se voc\u00ea tem interesse em saber mais ou deseja construir esse movimento com a gente, \u00e9 s\u00f3 clicar <a href=\"https:\/\/mova.noblogs.org\/contato\/\" target=\"_blank\" rel=\"noopener noreferrer\">aqui<\/a>!<\/p>\n<ul>\n<li>\n<h2><strong>Quem \u00e9 a UVA?<\/strong><\/h2>\n<\/li>\n<\/ul>\n<p>A <strong>Uni\u00e3o Vegana de Ativismo &#8211; UVA<\/strong> foi fundada em outubro de 2018 a partir da necessidade da afirma\u00e7\u00e3o do veganismo como um movimento social, em defesa da considera\u00e7\u00e3o moral de todos os animais, humanos e n\u00e3o humanos. Acredita que o veganismo deve se articular a outras lutas por justi\u00e7a social e ser disseminado de uma forma acess\u00edvel e popular.<\/p>\n<p>A UVA \u00e9 uma rede de coletivos que tem como objetivos articular, dar visibilidade e apoiar ativistas e grupos locais, nacionais ou internacionais, que praticam e difundem o veganismo nessa mesma perspectiva.<\/p>\n<p>Suas pr\u00e1ticas se baseiam em rela\u00e7\u00f5es horizontais e democr\u00e1ticas, sempre buscando o consenso como maneira mais adequada de tomada de decis\u00f5es. Considera fundamental uma pr\u00e1tica reflexiva constante para desafiar o ativismo a desconstruir preceitos arraigados na sociedade.<\/p>\n<p>Para ler os <strong>Princ\u00edpios da UVA<\/strong> e a <strong>Carta de Recife<\/strong> clique <a href=\"https:\/\/mova.noblogs.org\/files\/2020\/05\/UVA-e-Carta.pdf\" target=\"_blank\" rel=\"noopener noreferrer\">aqui<\/a>. Para saber mais sobre a UVA \u00e9 s\u00f3 acessar o seu website clicando <a href=\"https:\/\/uniaovegana.org\/\" target=\"_blank\" rel=\"noopener noreferrer\">aqui<\/a>.<\/p>\n<h2 style=\"text-align: center\"><strong>Venha lutar contra a explora\u00e7\u00e3o animal e construir a Liberta\u00e7\u00e3o Animal por meio desse Veganismo Popu<\/strong><strong>lar!<\/strong><\/h2>\n","protected":false},"excerpt":{"rendered":"<p>Nossas origens Entre os dias 4 e 6 de julho de 2019, em Recife\/PE, ocorreu o primeiro encontro da Uni\u00e3o Vegana de Ativismo, o ENUVA (saiba mais aqui), um encontro nascido a partir do entendimento de que n\u00e3o h\u00e1 emancipa\u00e7\u00e3o animal sem o fim desse sistema econ\u00f4mico. Assim, apoiando a cria\u00e7\u00e3o de um movimento anti-especista &hellip; <\/p>\n<p class=\"link-more\"><a href=\"https:\/\/mova.noblogs.org\/?page_id=73\" class=\"more-link\">Continue reading<span class=\"screen-reader-text\"> &#8220;Sobre&#8221;<\/span><\/a><\/p>\n","protected":false},"author":15244,"featured_media":0,"parent":0,"menu_order":0,"comment_status":"closed","ping_status":"closed","template":"","meta":{"_locale":"pt_BR","_original_post":"http:\/\/mova.noblogs.org\/?page_id=73","footnotes":""},"class_list":["post-73","page","type-page","status-publish","hentry","pt-BR"],"_links":{"self":[{"href":"https:\/\/mova.noblogs.org\/index.php?rest_route=\/wp\/v2\/pages\/73","targetHints":{"allow":["GET"]}}],"collection":[{"href":"https:\/\/mova.noblogs.org\/index.php?rest_route=\/wp\/v2\/pages"}],"about":[{"href":"https:\/\/mova.noblogs.org\/index.php?rest_route=\/wp\/v2\/types\/page"}],"author":[{"embeddable":true,"href":"https:\/\/mova.noblogs.org\/index.php?rest_route=\/wp\/v2\/users\/15244"}],"replies":[{"embeddable":true,"href":"https:\/\/mova.noblogs.org\/index.php?rest_route=%2Fwp%2Fv2%2Fcomments&post=73"}],"version-history":[{"count":15,"href":"https:\/\/mova.noblogs.org\/index.php?rest_route=\/wp\/v2\/pages\/73\/revisions"}],"predecessor-version":[{"id":493,"href":"https:\/\/mova.noblogs.org\/index.php?rest_route=\/wp\/v2\/pages\/73\/revisions\/493"}],"wp:attachment":[{"href":"https:\/\/mova.noblogs.org\/index.php?rest_route=%2Fwp%2Fv2%2Fmedia&parent=73"}],"curies":[{"name":"wp","href":"https:\/\/api.w.org\/{rel}","templated":true}]}}