{"id":75,"date":"2020-05-18T23:29:56","date_gmt":"2020-05-18T21:29:56","guid":{"rendered":"http:\/\/mova.noblogs.org\/?page_id=75"},"modified":"2021-03-10T19:44:29","modified_gmt":"2021-03-10T22:44:29","slug":"contato","status":"publish","type":"page","link":"https:\/\/mova.noblogs.org\/?page_id=75","title":{"rendered":"Contato"},"content":{"rendered":"<h1 style=\"text-align: center\"><strong>Formas de Contato<\/strong><\/h1>\n<ul>\n<li>\n<h3><strong>Como posso entrar em contato com o MOVA?<\/strong><\/h3>\n<\/li>\n<\/ul>\n<p style=\"text-align: left\">Caso tenha interesse em conversar com a gente e\/ou saber mais sobre o Movimento Vegano Anticapitalista voc\u00ea pode acessar nosso perfil no <strong><a href=\"https:\/\/www.instagram.com\/mova.veganismo\/\" target=\"_blank\" rel=\"noopener noreferrer\">Instagram<\/a><\/strong> e no <strong><a href=\"https:\/\/www.facebook.com\/mova.veganismo\/\" target=\"_blank\" rel=\"noopener noreferrer\">Facebook<\/a><\/strong>, assim poder\u00e1 acompanhar nossos conte\u00fados postados e fazer contato via coment\u00e1rios ou enviando mensagens no privado.<\/p>\n<p style=\"text-align: left\">Tamb\u00e9m temos um grupo de aproxima\u00e7\u00e3o, que foi criado para informar sobre as etapas de forma\u00e7\u00e3o e atividades externas do MOVA, estando aberto, tamb\u00e9m, a todos os assuntos que gerem discuss\u00e3o sobre veganismo. Se tiver interesse em participar \u00e9 s\u00f3 falar com a gente!<\/p>\n<p style=\"text-align: left\">Caso tenha algum assunto que necessite de uma comunica\u00e7\u00e3o mais segura ou alguma proposta de projeto e\/ou parceria, temos a op\u00e7\u00e3o de um <strong><a href=\"mailto:mova-contato@riseup.net\" target=\"_blank\" rel=\"noopener noreferrer\">e-Mail<\/a><\/strong> seguro para esse assuntos mais sens\u00edveis.<\/p>\n<h4 style=\"text-align: center\"><strong>Aguardamos a sua mensagem! \u2665<\/strong><\/h4>\n","protected":false},"excerpt":{"rendered":"<p>Formas de Contato Como posso entrar em contato com o MOVA? Caso tenha interesse em conversar com a gente e\/ou saber mais sobre o Movimento Vegano Anticapitalista voc\u00ea pode acessar nosso perfil no Instagram e no Facebook, assim poder\u00e1 acompanhar nossos conte\u00fados postados e fazer contato via coment\u00e1rios ou enviando mensagens no privado. Tamb\u00e9m temos &hellip; <\/p>\n<p class=\"link-more\"><a href=\"https:\/\/mova.noblogs.org\/?page_id=75\" class=\"more-link\">Continue reading<span class=\"screen-reader-text\"> &#8220;Contato&#8221;<\/span><\/a><\/p>\n","protected":false},"author":15244,"featured_media":0,"parent":0,"menu_order":0,"comment_status":"closed","ping_status":"closed","template":"","meta":{"_locale":"pt_BR","_original_post":"http:\/\/mova.noblogs.org\/?page_id=75","footnotes":""},"class_list":["post-75","page","type-page","status-publish","hentry","pt-BR"],"_links":{"self":[{"href":"https:\/\/mova.noblogs.org\/index.php?rest_route=\/wp\/v2\/pages\/75","targetHints":{"allow":["GET"]}}],"collection":[{"href":"https:\/\/mova.noblogs.org\/index.php?rest_route=\/wp\/v2\/pages"}],"about":[{"href":"https:\/\/mova.noblogs.org\/index.php?rest_route=\/wp\/v2\/types\/page"}],"author":[{"embeddable":true,"href":"https:\/\/mova.noblogs.org\/index.php?rest_route=\/wp\/v2\/users\/15244"}],"replies":[{"embeddable":true,"href":"https:\/\/mova.noblogs.org\/index.php?rest_route=%2Fwp%2Fv2%2Fcomments&post=75"}],"version-history":[{"count":21,"href":"https:\/\/mova.noblogs.org\/index.php?rest_route=\/wp\/v2\/pages\/75\/revisions"}],"predecessor-version":[{"id":501,"href":"https:\/\/mova.noblogs.org\/index.php?rest_route=\/wp\/v2\/pages\/75\/revisions\/501"}],"wp:attachment":[{"href":"https:\/\/mova.noblogs.org\/index.php?rest_route=%2Fwp%2Fv2%2Fmedia&parent=75"}],"curies":[{"name":"wp","href":"https:\/\/api.w.org\/{rel}","templated":true}]}}