{"id":80,"date":"2020-05-18T23:41:45","date_gmt":"2020-05-18T21:41:45","guid":{"rendered":"http:\/\/mova.noblogs.org\/?page_id=80"},"modified":"2021-03-09T15:58:06","modified_gmt":"2021-03-09T18:58:06","slug":"ativismo","status":"publish","type":"page","link":"https:\/\/mova.noblogs.org\/?page_id=80","title":{"rendered":"Ativismo"},"content":{"rendered":"<p>A\u00e7\u00e3o articulada coletivamente em nome de um programa pol\u00edtico. Nesse sentido, pode-se definir o ativismo como um projeto coletivo comprometido com a transforma\u00e7\u00e3o da realidade em favor de objetivos a ser alcan\u00e7ados por meio da pr\u00e1tica efetiva, permanente e organizada em busca da emancipa\u00e7\u00e3o e contra as diversas formas de viol\u00eancia, explora\u00e7\u00e3o, domina\u00e7\u00e3o e injusti\u00e7a social e pol\u00edtica.<\/p>\n<p>Aqui nesta p\u00e1gina voc\u00ea encontra grupos regionais de ativismo em prol da liberta\u00e7\u00e3o animal. Tais grupos costumam usar como principal t\u00e1tica a a\u00e7\u00e3o direta, que consiste em m\u00e9todos imediatos para incentivar mudan\u00e7as na sociedade.<\/p>\n<hr \/>\n<h1 style=\"text-align: center\"><strong>Grupos Regionais de Ativismo<\/strong><\/h1>\n<h2><strong>Coletivo Antiespecista<\/strong><\/h2>\n<ul>\n<li style=\"list-style-type: none\">\n<ul>\n<li>Grupo que nasceu em meados de 2019, com o objetivo de atender \u00e0 necessidade de radicalidade no movimento vegano do Rio Grande do Sul. Hoje, re\u00fane ativistas pela liberta\u00e7\u00e3o animal e se prop\u00f5e a organizar e realizar a\u00e7\u00f5es diretas n\u00e3o-violentas, mas disruptivas.<\/li>\n<\/ul>\n<\/li>\n<\/ul>\n<ul>\n<li style=\"list-style-type: none\">\n<ul>\n<li>Isto \u00e9, a\u00e7\u00f5es que comunicam claramente o rompimento com o especismo cultural entranhado na sociedade capitalista. Realiza a\u00e7\u00f5es de variados tipos e em locais diversos, como no exemplo abaixo, em um supermercado.<\/li>\n<\/ul>\n<\/li>\n<\/ul>\n<ul>\n<li><strong>Contatos:<\/strong>\n<ul>\n<li style=\"list-style-type: none\">\n<ul>\n<li><a href=\"https:\/\/www.youtube.com\/channel\/UC2NkHK_LfvxCLtm5_2l-cgg\" target=\"_blank\" rel=\"noopener noreferrer\">Youtube<\/a><\/li>\n<li><a href=\"https:\/\/www.instagram.com\/libertacaoanimalrs\/\" target=\"_blank\" rel=\"noopener noreferrer\">Instagram<\/a><\/li>\n<li><a href=\"http:\/\/facebook.com\/libertacaoanimalrs\" target=\"_blank\" rel=\"noopener noreferrer\">Facebook<\/a><\/li>\n<\/ul>\n<\/li>\n<\/ul>\n<\/li>\n<\/ul>\n<hr \/>\n<h2><strong>Vila Vegana<\/strong><\/h2>\n<ul>\n<li style=\"list-style-type: none\">\n<ul>\n<li>Grupo criado em 2019, em Porto Alegre, com o objetivo de difundir o veganismo popular. S\u00e3o realizadas a\u00e7\u00f5es em diversas localidades, priorizando comunidades perif\u00e9ricas, tanto na pr\u00f3pria cidade quanto em outras do Estado.<\/li>\n<\/ul>\n<\/li>\n<\/ul>\n<ul>\n<li style=\"list-style-type: none\">\n<ul>\n<li>Ao mostrar imagens de explora\u00e7\u00e3o animal e conversar sobre isso com o p\u00fablico, es ativistas buscam informar sobre especismo (humanos se considerarem superiores aos outros animais, podendo fazer o que quiserem com eles), conscientizar sobre a necessidade de mudan\u00e7as e mostrar que o modo de vida vegano pode ser acess\u00edvel a todes.<\/li>\n<\/ul>\n<\/li>\n<\/ul>\n<ul>\n<li><strong>Contatos:<\/strong>\n<ul>\n<li style=\"list-style-type: none\">\n<ul>\n<li><a href=\"https:\/\/www.instagram.com\/vilavegana1944\/\" target=\"_blank\" rel=\"noopener noreferrer\">Instagram<\/a><\/li>\n<li><a href=\"http:\/\/wa.me\/5551992127614\" target=\"_blank\" rel=\"noopener noreferrer\">Whatsapp<\/a><\/li>\n<\/ul>\n<\/li>\n<\/ul>\n<\/li>\n<\/ul>\n<hr \/>\n<h2><strong>Anonymous for the Voiceless (AV)<\/strong><\/h2>\n<ul>\n<li style=\"list-style-type: none\">\n<ul>\n<li>Organiza\u00e7\u00e3o que atua em prol do abolicionismo animal, especializada em ativismo de rua. Fundada em 2016, na Austr\u00e1lia, se espalhou depois por cidades do mundo todo.<\/li>\n<\/ul>\n<\/li>\n<\/ul>\n<ul>\n<li style=\"list-style-type: none\">\n<ul>\n<li>As a\u00e7\u00f5es feitas pela organiza\u00e7\u00e3o s\u00e3o chamadas de \u201cCubo da Verdade&#8221;. Elas consistem em realizar uma forma\u00e7\u00e3o em formato de cubo, onde os ativistas portam cartazes com a palavra &#8220;Verdade&#8221; e telas exibindo v\u00eddeos das diversas formas de explora\u00e7\u00e3o animal.<\/li>\n<\/ul>\n<\/li>\n<\/ul>\n<ul>\n<li style=\"list-style-type: none\">\n<ul>\n<li>A ideia \u00e9 tornar p\u00fablico a triste realidade dos animais criados para servir como alimento, para testes, vestu\u00e1rio, entretenimento, etc.<\/li>\n<\/ul>\n<\/li>\n<\/ul>\n<ul>\n<li style=\"list-style-type: none\">\n<ul>\n<li>Quem se interessa em assistir \u00e9 abordado por ativistas que ficam fora do cubo e s\u00e3o respons\u00e1veis por conversar sobre as imagens, a fim de provocar reflex\u00e3o e despertar a consci\u00eancia sobre sofrimento animal e veganismo.<\/li>\n<\/ul>\n<\/li>\n<li style=\"list-style-type: none\"><\/li>\n<\/ul>\n<ul>\n<li><strong>Contato:<\/strong>\n<ul>\n<li style=\"list-style-type: none\">\n<ul>\n<li><a href=\"https:\/\/www.facebook.com\/groups\/203235627123600\" target=\"_blank\" rel=\"noopener noreferrer\">Facebook (Porto Alegre)<\/a><\/li>\n<li><a href=\"https:\/\/www.facebook.com\/groups\/688809391554949\" target=\"_blank\" rel=\"noopener noreferrer\">Facebook (Pelotas)<\/a><\/li>\n<li><a href=\"https:\/\/www.facebook.com\/groups\/500973663745392\" target=\"_blank\" rel=\"noopener noreferrer\">Facebook (Lajeado)<\/a><\/li>\n<\/ul>\n<\/li>\n<\/ul>\n<\/li>\n<\/ul>\n<p>&nbsp;<\/p>\n","protected":false},"excerpt":{"rendered":"<p>A\u00e7\u00e3o articulada coletivamente em nome de um programa pol\u00edtico. Nesse sentido, pode-se definir o ativismo como um projeto coletivo comprometido com a transforma\u00e7\u00e3o da realidade em favor de objetivos a ser alcan\u00e7ados por meio da pr\u00e1tica efetiva, permanente e organizada em busca da emancipa\u00e7\u00e3o e contra as diversas formas de viol\u00eancia, explora\u00e7\u00e3o, domina\u00e7\u00e3o e injusti\u00e7a &hellip; <\/p>\n<p class=\"link-more\"><a href=\"https:\/\/mova.noblogs.org\/?page_id=80\" class=\"more-link\">Continue reading<span class=\"screen-reader-text\"> &#8220;Ativismo&#8221;<\/span><\/a><\/p>\n","protected":false},"author":15244,"featured_media":0,"parent":0,"menu_order":0,"comment_status":"closed","ping_status":"closed","template":"","meta":{"_locale":"pt_BR","_original_post":"http:\/\/mova.noblogs.org\/?page_id=80","footnotes":""},"class_list":["post-80","page","type-page","status-publish","hentry","pt-BR"],"_links":{"self":[{"href":"https:\/\/mova.noblogs.org\/index.php?rest_route=\/wp\/v2\/pages\/80","targetHints":{"allow":["GET"]}}],"collection":[{"href":"https:\/\/mova.noblogs.org\/index.php?rest_route=\/wp\/v2\/pages"}],"about":[{"href":"https:\/\/mova.noblogs.org\/index.php?rest_route=\/wp\/v2\/types\/page"}],"author":[{"embeddable":true,"href":"https:\/\/mova.noblogs.org\/index.php?rest_route=\/wp\/v2\/users\/15244"}],"replies":[{"embeddable":true,"href":"https:\/\/mova.noblogs.org\/index.php?rest_route=%2Fwp%2Fv2%2Fcomments&post=80"}],"version-history":[{"count":24,"href":"https:\/\/mova.noblogs.org\/index.php?rest_route=\/wp\/v2\/pages\/80\/revisions"}],"predecessor-version":[{"id":486,"href":"https:\/\/mova.noblogs.org\/index.php?rest_route=\/wp\/v2\/pages\/80\/revisions\/486"}],"wp:attachment":[{"href":"https:\/\/mova.noblogs.org\/index.php?rest_route=%2Fwp%2Fv2%2Fmedia&parent=80"}],"curies":[{"name":"wp","href":"https:\/\/api.w.org\/{rel}","templated":true}]}}